{"id":223,"date":"2017-05-09T08:54:22","date_gmt":"2017-05-09T08:54:22","guid":{"rendered":"http:\/\/fxli.fr\/?page_id=223"},"modified":"2022-04-22T09:31:49","modified_gmt":"2022-04-22T09:31:49","slug":"telemaintenance","status":"publish","type":"page","link":"https:\/\/www.fxli.fr\/index.php\/telemaintenance\/","title":{"rendered":"T\u00e9l\u00e9maintenance"},"content":{"rendered":"<p><strong>Comment \u00e7a marche ?<\/strong><br \/>\nApr\u00e8s avoir lanc\u00e9 le programme de t\u00e9l\u00e9-maintenance sur votre ordinateur, je vais pouvoir prendre en main votre pc et r\u00e9aliser les actions \u00e0 distance comme si j\u2019\u00e9tais assis devant votre ordinateur, \u00e0 vos cot\u00e9s.<\/p>\n<p><strong>Pourquoi utiliser la t\u00e9l\u00e9maintenance ?<\/strong><br \/>\nCertaines pannes informatiques ne n\u00e9cessitent pas forcement une intervention physique.<br \/>\nLa plupart des dysfonctionnements sont en effet li\u00e9s \u00e0 des probl\u00e8mes de configuration, de virus, de conflit mat\u00e9riel. L\u2019assistance informatique en ligne, contrairement \u00e0 une intervention \u00e0 domicile, permet une intervention rapide et \u00e9vite un d\u00e9placement.<\/p>\n<p><strong>Les Avantages<\/strong><br \/>\nLe support technique en ligne ne n\u00e9cessite aucune installation ni configuration sur vos \u00e9quipements. L\u2019application est accessible par n\u2019importe quel utilisateur qui dispose d\u2019une connexion \u00e0 Internet.<\/p>\n<p><strong>T\u00e9l\u00e9chargement<\/strong><br \/>\nCliquez sur l\u2019image ci-dessous pour t\u00e9l\u00e9charger l\u2019outil de t\u00e9l\u00e9maintenance (Teamviewer) puis ex\u00e9cutez-le. Communiquez-moi votre ID et le mot de passe afin que je puisse prendre le contr\u00f4le de votre ordinateur.<!-- TeamViewer Logo (generated at https:\/\/www.teamviewer.com) --><\/p>\n<div style=\"position: relative; width: 200px; height: 125px;\"><a href=\"https:\/\/get.teamviewer.com\/2begpkk\"><br \/>\n<img loading=\"lazy\" decoding=\"async\" title=\"Acc\u00e8s \u00e0 distance et T\u00e9l\u00e9-assistance sur Internet gr\u00e2ce \u00e0 TeamViewer\" src=\"http:\/\/www.teamviewer.com\/link\/?url=246800&amp;id=947904781\" alt=\"Acc\u00e8s \u00e0 distance et T\u00e9l\u00e9-assistance sur Internet gr\u00e2ce \u00e0 TeamViewer\" width=\"200\" height=\"125\" border=\"0\" \/><br \/>\n<span style=\"position: absolute; top: 83.5px; left: 5px; display: block; cursor: pointer; color: white; font-family: Arial; font-size: 15px; line-height: 1.2em; font-weight: bold; text-align: center; width: 190px;\"><br \/>\nSupport FXLI<br \/>\n<\/span><br \/>\n<\/a><\/div>\n","protected":false},"excerpt":{"rendered":"<p>Comment \u00e7a marche ? Apr\u00e8s avoir lanc\u00e9 le programme de t\u00e9l\u00e9-maintenance sur votre ordinateur, je vais pouvoir prendre en main votre pc et r\u00e9aliser les actions \u00e0 distance comme si j\u2019\u00e9tais assis devant votre ordinateur, \u00e0 vos cot\u00e9s. Pourquoi utiliser la t\u00e9l\u00e9maintenance ? Certaines pannes informatiques ne n\u00e9cessitent pas forcement une intervention physique. La plupart [&hellip;]<\/p>\n","protected":false},"author":1,"featured_media":0,"parent":0,"menu_order":0,"comment_status":"closed","ping_status":"closed","template":"","meta":{"footnotes":""},"class_list":["post-223","page","type-page","status-publish","hentry"],"yoast_head":"<!-- This site is optimized with the Yoast SEO plugin v23.8 - https:\/\/yoast.com\/wordpress\/plugins\/seo\/ -->\n<title>fxli conseil informatique<\/title>\n<meta name=\"description\" content=\"depannage assemblage formation maintenance informatique montoir de bretagne 44 44550 loire atlantique disque dur carte mere pc mac windows os antivirus\" \/>\n<meta name=\"robots\" content=\"index, follow, max-snippet:-1, max-image-preview:large, max-video-preview:-1\" \/>\n<link rel=\"canonical\" href=\"https:\/\/www.fxli.fr\/index.php\/telemaintenance\/\" \/>\n<meta property=\"og:locale\" content=\"fr_FR\" \/>\n<meta property=\"og:type\" content=\"article\" \/>\n<meta property=\"og:title\" content=\"fxli conseil informatique\" \/>\n<meta property=\"og:description\" content=\"depannage assemblage formation maintenance informatique montoir de bretagne 44 44550 loire atlantique disque dur carte mere pc mac windows os antivirus\" \/>\n<meta property=\"og:url\" content=\"https:\/\/www.fxli.fr\/index.php\/telemaintenance\/\" \/>\n<meta property=\"og:site_name\" content=\"FXLI\" \/>\n<meta property=\"article:publisher\" content=\"https:\/\/www.facebook.com\/fxlici\/\" \/>\n<meta property=\"article:modified_time\" content=\"2022-04-22T09:31:49+00:00\" \/>\n<meta property=\"og:image\" content=\"http:\/\/www.teamviewer.com\/link\/?url=246800&amp;id=947904781\" \/>\n<meta name=\"twitter:card\" content=\"summary_large_image\" \/>\n<meta name=\"twitter:site\" content=\"@fxli\" \/>\n<meta name=\"twitter:label1\" content=\"Dur\u00e9e de lecture estim\u00e9e\" \/>\n\t<meta name=\"twitter:data1\" content=\"1 minute\" \/>\n<script type=\"application\/ld+json\" class=\"yoast-schema-graph\">{\"@context\":\"https:\/\/schema.org\",\"@graph\":[{\"@type\":\"WebPage\",\"@id\":\"https:\/\/www.fxli.fr\/index.php\/telemaintenance\/\",\"url\":\"https:\/\/www.fxli.fr\/index.php\/telemaintenance\/\",\"name\":\"fxli conseil informatique\",\"isPartOf\":{\"@id\":\"https:\/\/www.fxli.fr\/#website\"},\"primaryImageOfPage\":{\"@id\":\"https:\/\/www.fxli.fr\/index.php\/telemaintenance\/#primaryimage\"},\"image\":{\"@id\":\"https:\/\/www.fxli.fr\/index.php\/telemaintenance\/#primaryimage\"},\"thumbnailUrl\":\"http:\/\/www.teamviewer.com\/link\/?url=246800&amp;id=947904781\",\"datePublished\":\"2017-05-09T08:54:22+00:00\",\"dateModified\":\"2022-04-22T09:31:49+00:00\",\"description\":\"depannage assemblage formation maintenance informatique montoir de bretagne 44 44550 loire atlantique disque dur carte mere pc mac windows os antivirus\",\"breadcrumb\":{\"@id\":\"https:\/\/www.fxli.fr\/index.php\/telemaintenance\/#breadcrumb\"},\"inLanguage\":\"fr-FR\",\"potentialAction\":[{\"@type\":\"ReadAction\",\"target\":[\"https:\/\/www.fxli.fr\/index.php\/telemaintenance\/\"]}]},{\"@type\":\"ImageObject\",\"inLanguage\":\"fr-FR\",\"@id\":\"https:\/\/www.fxli.fr\/index.php\/telemaintenance\/#primaryimage\",\"url\":\"http:\/\/www.teamviewer.com\/link\/?url=246800&amp;id=947904781\",\"contentUrl\":\"http:\/\/www.teamviewer.com\/link\/?url=246800&amp;id=947904781\"},{\"@type\":\"BreadcrumbList\",\"@id\":\"https:\/\/www.fxli.fr\/index.php\/telemaintenance\/#breadcrumb\",\"itemListElement\":[{\"@type\":\"ListItem\",\"position\":1,\"name\":\"Accueil\",\"item\":\"https:\/\/www.fxli.fr\/\"},{\"@type\":\"ListItem\",\"position\":2,\"name\":\"T\u00e9l\u00e9maintenance\"}]},{\"@type\":\"WebSite\",\"@id\":\"https:\/\/www.fxli.fr\/#website\",\"url\":\"https:\/\/www.fxli.fr\/\",\"name\":\"FXLI\",\"description\":\"Conseils Informatiques\",\"potentialAction\":[{\"@type\":\"SearchAction\",\"target\":{\"@type\":\"EntryPoint\",\"urlTemplate\":\"https:\/\/www.fxli.fr\/?s={search_term_string}\"},\"query-input\":{\"@type\":\"PropertyValueSpecification\",\"valueRequired\":true,\"valueName\":\"search_term_string\"}}],\"inLanguage\":\"fr-FR\"}]}<\/script>\n<!-- \/ Yoast SEO plugin. -->","yoast_head_json":{"title":"fxli conseil informatique","description":"depannage assemblage formation maintenance informatique montoir de bretagne 44 44550 loire atlantique disque dur carte mere pc mac windows os antivirus","robots":{"index":"index","follow":"follow","max-snippet":"max-snippet:-1","max-image-preview":"max-image-preview:large","max-video-preview":"max-video-preview:-1"},"canonical":"https:\/\/www.fxli.fr\/index.php\/telemaintenance\/","og_locale":"fr_FR","og_type":"article","og_title":"fxli conseil informatique","og_description":"depannage assemblage formation maintenance informatique montoir de bretagne 44 44550 loire atlantique disque dur carte mere pc mac windows os antivirus","og_url":"https:\/\/www.fxli.fr\/index.php\/telemaintenance\/","og_site_name":"FXLI","article_publisher":"https:\/\/www.facebook.com\/fxlici\/","article_modified_time":"2022-04-22T09:31:49+00:00","og_image":[{"url":"http:\/\/www.teamviewer.com\/link\/?url=246800&amp;id=947904781"}],"twitter_card":"summary_large_image","twitter_site":"@fxli","twitter_misc":{"Dur\u00e9e de lecture estim\u00e9e":"1 minute"},"schema":{"@context":"https:\/\/schema.org","@graph":[{"@type":"WebPage","@id":"https:\/\/www.fxli.fr\/index.php\/telemaintenance\/","url":"https:\/\/www.fxli.fr\/index.php\/telemaintenance\/","name":"fxli conseil informatique","isPartOf":{"@id":"https:\/\/www.fxli.fr\/#website"},"primaryImageOfPage":{"@id":"https:\/\/www.fxli.fr\/index.php\/telemaintenance\/#primaryimage"},"image":{"@id":"https:\/\/www.fxli.fr\/index.php\/telemaintenance\/#primaryimage"},"thumbnailUrl":"http:\/\/www.teamviewer.com\/link\/?url=246800&amp;id=947904781","datePublished":"2017-05-09T08:54:22+00:00","dateModified":"2022-04-22T09:31:49+00:00","description":"depannage assemblage formation maintenance informatique montoir de bretagne 44 44550 loire atlantique disque dur carte mere pc mac windows os antivirus","breadcrumb":{"@id":"https:\/\/www.fxli.fr\/index.php\/telemaintenance\/#breadcrumb"},"inLanguage":"fr-FR","potentialAction":[{"@type":"ReadAction","target":["https:\/\/www.fxli.fr\/index.php\/telemaintenance\/"]}]},{"@type":"ImageObject","inLanguage":"fr-FR","@id":"https:\/\/www.fxli.fr\/index.php\/telemaintenance\/#primaryimage","url":"http:\/\/www.teamviewer.com\/link\/?url=246800&amp;id=947904781","contentUrl":"http:\/\/www.teamviewer.com\/link\/?url=246800&amp;id=947904781"},{"@type":"BreadcrumbList","@id":"https:\/\/www.fxli.fr\/index.php\/telemaintenance\/#breadcrumb","itemListElement":[{"@type":"ListItem","position":1,"name":"Accueil","item":"https:\/\/www.fxli.fr\/"},{"@type":"ListItem","position":2,"name":"T\u00e9l\u00e9maintenance"}]},{"@type":"WebSite","@id":"https:\/\/www.fxli.fr\/#website","url":"https:\/\/www.fxli.fr\/","name":"FXLI","description":"Conseils Informatiques","potentialAction":[{"@type":"SearchAction","target":{"@type":"EntryPoint","urlTemplate":"https:\/\/www.fxli.fr\/?s={search_term_string}"},"query-input":{"@type":"PropertyValueSpecification","valueRequired":true,"valueName":"search_term_string"}}],"inLanguage":"fr-FR"}]}},"_links":{"self":[{"href":"https:\/\/www.fxli.fr\/index.php\/wp-json\/wp\/v2\/pages\/223"}],"collection":[{"href":"https:\/\/www.fxli.fr\/index.php\/wp-json\/wp\/v2\/pages"}],"about":[{"href":"https:\/\/www.fxli.fr\/index.php\/wp-json\/wp\/v2\/types\/page"}],"author":[{"embeddable":true,"href":"https:\/\/www.fxli.fr\/index.php\/wp-json\/wp\/v2\/users\/1"}],"replies":[{"embeddable":true,"href":"https:\/\/www.fxli.fr\/index.php\/wp-json\/wp\/v2\/comments?post=223"}],"version-history":[{"count":12,"href":"https:\/\/www.fxli.fr\/index.php\/wp-json\/wp\/v2\/pages\/223\/revisions"}],"predecessor-version":[{"id":763,"href":"https:\/\/www.fxli.fr\/index.php\/wp-json\/wp\/v2\/pages\/223\/revisions\/763"}],"wp:attachment":[{"href":"https:\/\/www.fxli.fr\/index.php\/wp-json\/wp\/v2\/media?parent=223"}],"curies":[{"name":"wp","href":"https:\/\/api.w.org\/{rel}","templated":true}]}}