{"id":37,"date":"2016-01-12T17:59:47","date_gmt":"2016-01-12T17:59:47","guid":{"rendered":"http:\/\/fxli.fr\/?page_id=37"},"modified":"2018-06-12T09:05:52","modified_gmt":"2018-06-12T09:05:52","slug":"depannage-materiels-et-logiciels","status":"publish","type":"page","link":"https:\/\/www.fxli.fr\/index.php\/depannage-materiels-et-logiciels\/","title":{"rendered":"D\u00e9pannages"},"content":{"rendered":"<p><span style=\"color: #000000;\"><em><strong>Services Mat\u00e9riels<\/strong><\/em><\/span><\/p>\n<p><span style=\"color: #000000;\"><strong>Installation et d\u00e9pannage<\/strong> : votre parc informatique vous cr\u00e9e probl\u00e8me, je peux effectuer le d\u00e9pannage appropri\u00e9. Si le composant est <strong>d\u00e9fectueux<\/strong>, je le remplace dans les plus brefs d\u00e9lais par du mat\u00e9riel informatique de qualit\u00e9. Si la machine doit \u00eatre enti\u00e8rement remplac\u00e9e,\u00a0je peux d\u00e9terminer\u00a0avec vous\u00a0le meilleur produit pour vos besoins, que\u00a0je vous fait parvenir au meilleurs prix. <\/span><\/p>\n<p><span style=\"color: #000000;\"><strong>D\u00e9pannage de disque dur<\/strong> : possibilit\u00e9 de r\u00e9cup\u00e9rer les donn\u00e9es en cas de rupture de disque dur. Je peux \u00e9galement proc\u00e9der \u00e0 la <strong>r\u00e9cup\u00e9ration<\/strong> de donn\u00e9es effac\u00e9es par erreur.<\/span><\/p>\n<p><span style=\"color: #000000;\"> <strong>Internet<\/strong> : installation et d\u00e9pannage de votre acc\u00e8s Internet en ADSL ou fibre, installation r\u00e9seau sans fil (<strong>WiFi<\/strong>), configuration de la <strong>s\u00e9curit\u00e9<\/strong> de votre connexion Internet, protection de votre parc informatique avec l&rsquo;installation d&rsquo;un firewall.<\/span><\/p>\n<p><span style=\"color: #000000;\"> <strong>Test mat\u00e9riel<\/strong> : test et d\u00e9pannage de votre <strong>ordinateur<\/strong>, remplacement des pi\u00e8ces obsol\u00e8tes ou d\u00e9fectueuses.<\/span><\/p>\n<p><span style=\"color: #000000;\"> <strong>Mise \u00e0 jour mat\u00e9riel<\/strong> : en utilisation standard (Internet, traitement de texte), un ordinateur que vous avez acquis il y a 5 ans peut encore suffire. Si toutefois vous ressentez des ralentissements ou des blocages en cas d&rsquo;utilisation plus intensive, il faudrait notamment ajouter de la <strong>m\u00e9moire<\/strong> suppl\u00e9mentaire et \u00e9ventuellement un disque dur de plus grande capacit\u00e9.<\/span><\/p>\n<p><span style=\"color: #000000;\"> <strong>Installation de mat\u00e9riel<\/strong> : installation de tous <strong>p\u00e9riph\u00e9riques<\/strong> internes tels que alimentation, carte m\u00e8re, processeur, m\u00e9moire, disque dur, carte graphique; et de p\u00e9riph\u00e9riques externes tels qu&rsquo;\u00e9l\u00e9ments de sauvegarde, scanner, appareil photo et imprimante, etc.<\/span><\/p>\n<p><span style=\"color: #000000;\"> <strong>Pannes<\/strong> : <strong>d\u00e9pannage<\/strong> de tout probl\u00e8me mat\u00e9riel: CPU, Ram, disque dur d\u00e9fectueux, probl\u00e8me de compatibilit\u00e9, r\u00e9vision d&rsquo;imprimante, etc.<\/span><\/p>\n<p><span style=\"color: #000000;\"> <strong>Mat\u00e9riel neuf<\/strong> : vous d\u00e9butez dans l&rsquo;informatique ou votre ordinateur devient obsol\u00e8te: je vous conseille pour l&rsquo;achat d&rsquo;une machine, je peux\u00a0\u00e9galement vous aider pour la sauvegarde des param\u00e8tres et documents de votre ancien ordinateur, ainsi que pour la <strong>configuration<\/strong> et la <strong>restauration<\/strong> de vos param\u00e8tres et documents sur la nouvelle machine. <\/span><\/p>\n<p><span style=\"color: #000000;\">Vous avez besoin de conseils pour l&rsquo;<strong>acquisition<\/strong> de vos <strong>composants informatiques<\/strong> ? Appelez-moi, je peux vous aider.<\/span><\/p>\n<p><span style=\"color: #000000;\"><em><strong>Services Logiciels<\/strong><\/em><\/span><\/p>\n<p><span style=\"color: #000000;\">Assistance informatique et <strong>cr\u00e9ation de projets<\/strong> (pr\u00e9sentation, logo, tableur, etc.) avec les logiciels pr\u00e9sent\u00e9s ci-dessous; possibilit\u00e9 de formation sur ces logiciels.<\/span><\/p>\n<p><span style=\"color: #000000;\"> <strong>Acrobat<\/strong> : conception de documents au format PDF.<\/span><\/p>\n<p><span style=\"color: #000000;\"> <strong>Photoshop<\/strong> : retouche image et cr\u00e9ation graphique .<\/span><\/p>\n<p><span style=\"color: #000000;\"><strong>Word<\/strong> : cr\u00e9ation de documents, assistance utilisateur.<\/span><\/p>\n<p><span style=\"color: #000000;\"><strong>Excel<\/strong> : conception de tableaux et de graphiques.<\/span><\/p>\n<p><span style=\"color: #000000;\"><strong>PowerPoint<\/strong> : cr\u00e9ation de pr\u00e9sentations personnalis\u00e9es<\/span><\/p>\n<p><span style=\"color: #000000;\">Autres logiciels pour entreprises sur demande \u2026 <\/span><\/p>\n<p><span style=\"color: #000000;\">Vous avez besoin de <strong>conseils<\/strong> pour l&rsquo;acquisition de vos softwares et <strong>licences<\/strong>? Appelez-moi&#8230;<\/span><\/p>\n<p><span style=\"color: #000000;\"> <strong>D\u00e9pannage et mise \u00e0 jour syst\u00e8me<\/strong> : votre PC vous cr\u00e9e des probl\u00e8mes, les plantages sont fr\u00e9quents? <\/span><\/p>\n<p><span style=\"color: #000000;\">Dans 90% des cas une intervention suffit. Il peut parfois arriver que je doive\u00a0formater et r\u00e9installer la machine, dans ce cas, vous vous retrouvez avec une machine saine et bien configur\u00e9e, qui ne vous causera plus de soucis pendant de longues ann\u00e9es. <\/span><\/p>\n<p><span style=\"color: #000000;\"><strong>Virus<\/strong> : <strong>Suppression<\/strong> de virus, de chevaux de Troie, de logiciels espions (Spywares), de logiciels malveillants (malwares)\u00a0qui s&rsquo;installent \u00e0 votre insu sur votre PC et qui ralentissent le syst\u00e8me. Installation ou mise \u00e0 jour d&rsquo;antivirus et de firewall.<\/span><\/p>\n<p><span style=\"color: #000000;\"> <strong>Mise \u00e0 jour de logiciels<\/strong> : mise \u00e0 jour de vos applications pour b\u00e9n\u00e9ficier des toutes derni\u00e8res nouveaut\u00e9s et \u00e9liminer les <strong>bugs<\/strong>.<\/span><\/p>\n<p><span style=\"color: #000000;\"> <strong>Nettoyage PC<\/strong> : apr\u00e8s plusieurs ann\u00e9es d&rsquo;utilisation, votre PC peut devenir <strong>instable<\/strong> et lent. Dans ce cas, il convient de nettoyer la base de registre et le disque dur pour acc\u00e9l\u00e9rer l&rsquo;acc\u00e8s \u00e0 votre bureau et \u00e9viter les crashs Windows.<\/span><\/p>\n<p><span style=\"color: #000000;\"> <strong>Sauvegarde<\/strong> : nous effectuons la <strong>sauvegarde<\/strong> de tous vos dossiers sensibles sur DVD-ROM, sur espace disque ou cloud. <\/span><\/p>\n<p><span style=\"color: #000000;\"><strong>R\u00e9cup\u00e9ration de fichiers effac\u00e9s<\/strong> : vous avez supprim\u00e9 par erreur un fichier important ? Il est possible de le <strong>r\u00e9cup\u00e9rer<\/strong>.<\/span><\/p>\n<p><span style=\"color: #000000;\"> <strong>D\u00e9pannage logiciel<\/strong> : vous avez un souci avec une application qui ne s&rsquo;ex\u00e9cute pas, o\u00f9 mal ? Nous installons et testons tout logiciel.<\/span><\/p>\n<p><span style=\"color: #000000;\"><strong>Structuration de vos fichiers<\/strong> : nous structurons vos r\u00e9pertoires et raccourcis pour un acc\u00e8s fichiers et programmes plus rapides. <\/span><\/p>\n<p><span style=\"color: #000000;\"><strong>Configuration Internet<\/strong> : installation et d\u00e9pannage <strong>Internet<\/strong>, configuration Internet et messagerie, installation d&rsquo;un firewall pour la <strong>s\u00e9curit\u00e9<\/strong>, Installation de cam\u00e9ra de surveillance. <\/span><\/p>\n<p><span style=\"color: #000000;\"><strong>Protection des enfants sur Internet<\/strong> : nous pouvons mettre en place une strat\u00e9gie de <strong>s\u00e9curit\u00e9<\/strong> qui emp\u00eache les enfants d&rsquo;arriver accidentellement sur des pages Internet non recommand\u00e9es pour de <strong>jeunes mineurs<\/strong>.<\/span><\/p>\n","protected":false},"excerpt":{"rendered":"<p>Services Mat\u00e9riels Installation et d\u00e9pannage : votre parc informatique vous cr\u00e9e probl\u00e8me, je peux effectuer le d\u00e9pannage appropri\u00e9. Si le composant est d\u00e9fectueux, je le remplace dans les plus brefs d\u00e9lais par du mat\u00e9riel informatique de qualit\u00e9. Si la machine doit \u00eatre enti\u00e8rement remplac\u00e9e,\u00a0je peux d\u00e9terminer\u00a0avec vous\u00a0le meilleur produit pour vos besoins, que\u00a0je vous fait [&hellip;]<\/p>\n","protected":false},"author":1,"featured_media":0,"parent":0,"menu_order":0,"comment_status":"closed","ping_status":"closed","template":"","meta":{"footnotes":""},"class_list":["post-37","page","type-page","status-publish","hentry"],"yoast_head":"<!-- This site is optimized with the Yoast SEO plugin v23.8 - https:\/\/yoast.com\/wordpress\/plugins\/seo\/ -->\n<title>fxli conseil informatique depannage reparation<\/title>\n<meta name=\"description\" content=\"depannage assemblage formation maintenance montoir de bretagne 44 loire atlantique reparation PC MAC windows linux OS memoire vive ram disque dur carte mere\" \/>\n<meta name=\"robots\" content=\"index, follow, max-snippet:-1, max-image-preview:large, max-video-preview:-1\" \/>\n<link rel=\"canonical\" href=\"https:\/\/www.fxli.fr\/index.php\/depannage-materiels-et-logiciels\/\" \/>\n<meta property=\"og:locale\" content=\"fr_FR\" \/>\n<meta property=\"og:type\" content=\"article\" \/>\n<meta property=\"og:title\" content=\"fxli conseil informatique depannage reparation\" \/>\n<meta property=\"og:description\" content=\"depannage assemblage formation maintenance montoir de bretagne 44 loire atlantique reparation PC MAC windows linux OS memoire vive ram disque dur carte mere\" \/>\n<meta property=\"og:url\" content=\"https:\/\/www.fxli.fr\/index.php\/depannage-materiels-et-logiciels\/\" \/>\n<meta property=\"og:site_name\" content=\"FXLI\" \/>\n<meta property=\"article:publisher\" content=\"https:\/\/www.facebook.com\/fxlici\/\" \/>\n<meta property=\"article:modified_time\" content=\"2018-06-12T09:05:52+00:00\" \/>\n<meta name=\"twitter:card\" content=\"summary_large_image\" \/>\n<meta name=\"twitter:site\" content=\"@fxli\" \/>\n<meta name=\"twitter:label1\" content=\"Dur\u00e9e de lecture estim\u00e9e\" \/>\n\t<meta name=\"twitter:data1\" content=\"4 minutes\" \/>\n<script type=\"application\/ld+json\" class=\"yoast-schema-graph\">{\"@context\":\"https:\/\/schema.org\",\"@graph\":[{\"@type\":\"WebPage\",\"@id\":\"https:\/\/www.fxli.fr\/index.php\/depannage-materiels-et-logiciels\/\",\"url\":\"https:\/\/www.fxli.fr\/index.php\/depannage-materiels-et-logiciels\/\",\"name\":\"fxli conseil informatique depannage reparation\",\"isPartOf\":{\"@id\":\"https:\/\/www.fxli.fr\/#website\"},\"datePublished\":\"2016-01-12T17:59:47+00:00\",\"dateModified\":\"2018-06-12T09:05:52+00:00\",\"description\":\"depannage assemblage formation maintenance montoir de bretagne 44 loire atlantique reparation PC MAC windows linux OS memoire vive ram disque dur carte mere\",\"breadcrumb\":{\"@id\":\"https:\/\/www.fxli.fr\/index.php\/depannage-materiels-et-logiciels\/#breadcrumb\"},\"inLanguage\":\"fr-FR\",\"potentialAction\":[{\"@type\":\"ReadAction\",\"target\":[\"https:\/\/www.fxli.fr\/index.php\/depannage-materiels-et-logiciels\/\"]}]},{\"@type\":\"BreadcrumbList\",\"@id\":\"https:\/\/www.fxli.fr\/index.php\/depannage-materiels-et-logiciels\/#breadcrumb\",\"itemListElement\":[{\"@type\":\"ListItem\",\"position\":1,\"name\":\"Accueil\",\"item\":\"https:\/\/www.fxli.fr\/\"},{\"@type\":\"ListItem\",\"position\":2,\"name\":\"D\u00e9pannages\"}]},{\"@type\":\"WebSite\",\"@id\":\"https:\/\/www.fxli.fr\/#website\",\"url\":\"https:\/\/www.fxli.fr\/\",\"name\":\"FXLI\",\"description\":\"Conseils Informatiques\",\"potentialAction\":[{\"@type\":\"SearchAction\",\"target\":{\"@type\":\"EntryPoint\",\"urlTemplate\":\"https:\/\/www.fxli.fr\/?s={search_term_string}\"},\"query-input\":{\"@type\":\"PropertyValueSpecification\",\"valueRequired\":true,\"valueName\":\"search_term_string\"}}],\"inLanguage\":\"fr-FR\"}]}<\/script>\n<!-- \/ Yoast SEO plugin. -->","yoast_head_json":{"title":"fxli conseil informatique depannage reparation","description":"depannage assemblage formation maintenance montoir de bretagne 44 loire atlantique reparation PC MAC windows linux OS memoire vive ram disque dur carte mere","robots":{"index":"index","follow":"follow","max-snippet":"max-snippet:-1","max-image-preview":"max-image-preview:large","max-video-preview":"max-video-preview:-1"},"canonical":"https:\/\/www.fxli.fr\/index.php\/depannage-materiels-et-logiciels\/","og_locale":"fr_FR","og_type":"article","og_title":"fxli conseil informatique depannage reparation","og_description":"depannage assemblage formation maintenance montoir de bretagne 44 loire atlantique reparation PC MAC windows linux OS memoire vive ram disque dur carte mere","og_url":"https:\/\/www.fxli.fr\/index.php\/depannage-materiels-et-logiciels\/","og_site_name":"FXLI","article_publisher":"https:\/\/www.facebook.com\/fxlici\/","article_modified_time":"2018-06-12T09:05:52+00:00","twitter_card":"summary_large_image","twitter_site":"@fxli","twitter_misc":{"Dur\u00e9e de lecture estim\u00e9e":"4 minutes"},"schema":{"@context":"https:\/\/schema.org","@graph":[{"@type":"WebPage","@id":"https:\/\/www.fxli.fr\/index.php\/depannage-materiels-et-logiciels\/","url":"https:\/\/www.fxli.fr\/index.php\/depannage-materiels-et-logiciels\/","name":"fxli conseil informatique depannage reparation","isPartOf":{"@id":"https:\/\/www.fxli.fr\/#website"},"datePublished":"2016-01-12T17:59:47+00:00","dateModified":"2018-06-12T09:05:52+00:00","description":"depannage assemblage formation maintenance montoir de bretagne 44 loire atlantique reparation PC MAC windows linux OS memoire vive ram disque dur carte mere","breadcrumb":{"@id":"https:\/\/www.fxli.fr\/index.php\/depannage-materiels-et-logiciels\/#breadcrumb"},"inLanguage":"fr-FR","potentialAction":[{"@type":"ReadAction","target":["https:\/\/www.fxli.fr\/index.php\/depannage-materiels-et-logiciels\/"]}]},{"@type":"BreadcrumbList","@id":"https:\/\/www.fxli.fr\/index.php\/depannage-materiels-et-logiciels\/#breadcrumb","itemListElement":[{"@type":"ListItem","position":1,"name":"Accueil","item":"https:\/\/www.fxli.fr\/"},{"@type":"ListItem","position":2,"name":"D\u00e9pannages"}]},{"@type":"WebSite","@id":"https:\/\/www.fxli.fr\/#website","url":"https:\/\/www.fxli.fr\/","name":"FXLI","description":"Conseils Informatiques","potentialAction":[{"@type":"SearchAction","target":{"@type":"EntryPoint","urlTemplate":"https:\/\/www.fxli.fr\/?s={search_term_string}"},"query-input":{"@type":"PropertyValueSpecification","valueRequired":true,"valueName":"search_term_string"}}],"inLanguage":"fr-FR"}]}},"_links":{"self":[{"href":"https:\/\/www.fxli.fr\/index.php\/wp-json\/wp\/v2\/pages\/37"}],"collection":[{"href":"https:\/\/www.fxli.fr\/index.php\/wp-json\/wp\/v2\/pages"}],"about":[{"href":"https:\/\/www.fxli.fr\/index.php\/wp-json\/wp\/v2\/types\/page"}],"author":[{"embeddable":true,"href":"https:\/\/www.fxli.fr\/index.php\/wp-json\/wp\/v2\/users\/1"}],"replies":[{"embeddable":true,"href":"https:\/\/www.fxli.fr\/index.php\/wp-json\/wp\/v2\/comments?post=37"}],"version-history":[{"count":6,"href":"https:\/\/www.fxli.fr\/index.php\/wp-json\/wp\/v2\/pages\/37\/revisions"}],"predecessor-version":[{"id":96,"href":"https:\/\/www.fxli.fr\/index.php\/wp-json\/wp\/v2\/pages\/37\/revisions\/96"}],"wp:attachment":[{"href":"https:\/\/www.fxli.fr\/index.php\/wp-json\/wp\/v2\/media?parent=37"}],"curies":[{"name":"wp","href":"https:\/\/api.w.org\/{rel}","templated":true}]}}