{"id":39,"date":"2016-01-12T18:06:34","date_gmt":"2016-01-12T18:06:34","guid":{"rendered":"http:\/\/fxli.fr\/?page_id=39"},"modified":"2018-06-12T09:18:13","modified_gmt":"2018-06-12T09:18:13","slug":"assemblage","status":"publish","type":"page","link":"https:\/\/www.fxli.fr\/index.php\/assemblage\/","title":{"rendered":"Assemblages PC"},"content":{"rendered":"<p class=\"niv1\"><span style=\"color: #000000;\"><img loading=\"lazy\" decoding=\"async\" class=\"size-medium wp-image-122 alignleft\" src=\"http:\/\/fxli.fr\/wp-content\/uploads\/2016\/01\/repair_pc1-300x259.png\" alt=\"repair_pc[1]\" width=\"300\" height=\"259\" srcset=\"https:\/\/www.fxli.fr\/wp-content\/uploads\/2016\/01\/repair_pc1-300x259.png 300w, https:\/\/www.fxli.fr\/wp-content\/uploads\/2016\/01\/repair_pc1.png 336w\" sizes=\"(max-width: 300px) 100vw, 300px\" \/>Un ordinateur de type PC est modulaire, c&rsquo;est-\u00e0-dire qu&rsquo;il peut \u00eatre mont\u00e9 en assemblant des \u00e9l\u00e9ments mat\u00e9riels de diff\u00e9rents constructeurs, afin d&rsquo;obtenir un ordinateur conforme \u00e0 ses besoins.<\/span><\/p>\n<p class=\"niv1\"><span style=\"color: #000000;\">Les \u00e9l\u00e9ments constitutifs de l&rsquo;ordinateur \u00e0 assembler sont les suivants :<\/span><\/p>\n<ul>\n<li><span style=\"color: #000000;\">Le bo\u00eetier : ch\u00e2ssis m\u00e9tallique accueillant les \u00e9l\u00e9ments internes de l&rsquo;ordinateur. La plupart du temps il est fourni avec son alimentation \u00e9lectrique et un jeu de vis, connecteurs et nappes.<\/span><\/li>\n<li><span style=\"color: #000000;\">La carte m\u00e8re : grande carte imprim\u00e9e permettant de connecter un processeur, de la m\u00e9moire vive, des disques durs et lecteurs de CD\/DVD, et proposant un jeu de connecteurs d&rsquo;extension.<\/span><\/li>\n<li><span style=\"color: #000000;\">Le processeur, circuit int\u00e9gr\u00e9 principal de l&rsquo;ordinateur, v\u00e9ritable cerveau de l&rsquo;ordinateur charg\u00e9 des principaux calculs.<\/span><\/li>\n<li><span style=\"color: #000000;\">Les barrettes de m\u00e9moire vive,<\/span><\/li>\n<li><span style=\"color: #000000;\">Les p\u00e9riph\u00e9riques de stockage tels que les <a style=\"color: #000000;\" href=\"http:\/\/www.commentcamarche.net\/contents\/740-disque-dur\">disques durs<\/a>, les lecteurs ou graveurs de CD-ROM et DVD-ROM.<\/span><\/li>\n<li><span style=\"color: #000000;\">Les cartes d&rsquo;extension, permettant d&rsquo;\u00e9tendre les fonctionnalit\u00e9s et performances de l&rsquo;ordinateur.<\/span><\/li>\n<\/ul>\n<p class=\"niv1\"><span style=\"color: #000000;\">La carte m\u00e8re est une carte ma\u00eetresse, prenant la forme d&rsquo;un grand circuit imprim\u00e9 poss\u00e9dant des connecteurs pour le processeur, la m\u00e9moire vive, des cartes d&rsquo;extension.<\/span><\/p>\n<p class=\"niv1\"><span style=\"color: #000000;\">Il est n\u00e9cessaire avant toute chose de consulter attentivement son manuel afin de rep\u00e9rer les diff\u00e9rents connecteurs.<\/span><\/p>\n<ul>\n<li><span style=\"color: #000000;\">Pour toutes les op\u00e9rations d\u00e9crites, il faut s&rsquo;assurer d&rsquo;avoir d\u00e9branch\u00e9 le cordon d&rsquo;alimentation du PC, puis de se d\u00e9barrasser de l&rsquo;\u00e9lectricit\u00e9 statique en touchant par exemple le bo\u00eetier m\u00e9tallique de l&rsquo;ordinateur d&rsquo;une main, le sol de l&rsquo;autre !<\/span><\/li>\n<\/ul>\n<p class=\"niv1\"><span style=\"color: #000000;\">\u00a0<\/span><\/p>\n","protected":false},"excerpt":{"rendered":"<p>Un ordinateur de type PC est modulaire, c&rsquo;est-\u00e0-dire qu&rsquo;il peut \u00eatre mont\u00e9 en assemblant des \u00e9l\u00e9ments mat\u00e9riels de diff\u00e9rents constructeurs, afin d&rsquo;obtenir un ordinateur conforme \u00e0 ses besoins. Les \u00e9l\u00e9ments constitutifs de l&rsquo;ordinateur \u00e0 assembler sont les suivants : Le bo\u00eetier : ch\u00e2ssis m\u00e9tallique accueillant les \u00e9l\u00e9ments internes de l&rsquo;ordinateur. La plupart du temps il [&hellip;]<\/p>\n","protected":false},"author":1,"featured_media":0,"parent":0,"menu_order":0,"comment_status":"closed","ping_status":"closed","template":"fullwidth.php","meta":{"footnotes":""},"class_list":["post-39","page","type-page","status-publish","hentry"],"yoast_head":"<!-- This site is optimized with the Yoast SEO plugin v23.8 - https:\/\/yoast.com\/wordpress\/plugins\/seo\/ -->\n<title>fxli conseil informatique assemblage<\/title>\n<meta name=\"description\" content=\"depannage assemblage formation maintenance informatique montoir de bretagne 44 44550 loire atlantique disque dur carte mere pc mac windows os antivirus\" \/>\n<meta name=\"robots\" content=\"index, follow, max-snippet:-1, max-image-preview:large, max-video-preview:-1\" \/>\n<link rel=\"canonical\" href=\"https:\/\/www.fxli.fr\/index.php\/assemblage\/\" \/>\n<meta property=\"og:locale\" content=\"fr_FR\" \/>\n<meta property=\"og:type\" content=\"article\" \/>\n<meta property=\"og:title\" content=\"fxli conseil informatique assemblage\" \/>\n<meta property=\"og:description\" content=\"depannage assemblage formation maintenance informatique montoir de bretagne 44 44550 loire atlantique disque dur carte mere pc mac windows os antivirus\" \/>\n<meta property=\"og:url\" content=\"https:\/\/www.fxli.fr\/index.php\/assemblage\/\" \/>\n<meta property=\"og:site_name\" content=\"FXLI\" \/>\n<meta property=\"article:publisher\" content=\"https:\/\/www.facebook.com\/fxlici\/\" \/>\n<meta property=\"article:modified_time\" content=\"2018-06-12T09:18:13+00:00\" \/>\n<meta property=\"og:image\" content=\"http:\/\/fxli.fr\/wp-content\/uploads\/2016\/01\/repair_pc1-300x259.png\" \/>\n<meta name=\"twitter:card\" content=\"summary_large_image\" \/>\n<meta name=\"twitter:site\" content=\"@fxli\" \/>\n<meta name=\"twitter:label1\" content=\"Dur\u00e9e de lecture estim\u00e9e\" \/>\n\t<meta name=\"twitter:data1\" content=\"1 minute\" \/>\n<script type=\"application\/ld+json\" class=\"yoast-schema-graph\">{\"@context\":\"https:\/\/schema.org\",\"@graph\":[{\"@type\":\"WebPage\",\"@id\":\"https:\/\/www.fxli.fr\/index.php\/assemblage\/\",\"url\":\"https:\/\/www.fxli.fr\/index.php\/assemblage\/\",\"name\":\"fxli conseil informatique assemblage\",\"isPartOf\":{\"@id\":\"https:\/\/www.fxli.fr\/#website\"},\"primaryImageOfPage\":{\"@id\":\"https:\/\/www.fxli.fr\/index.php\/assemblage\/#primaryimage\"},\"image\":{\"@id\":\"https:\/\/www.fxli.fr\/index.php\/assemblage\/#primaryimage\"},\"thumbnailUrl\":\"http:\/\/fxli.fr\/wp-content\/uploads\/2016\/01\/repair_pc1-300x259.png\",\"datePublished\":\"2016-01-12T18:06:34+00:00\",\"dateModified\":\"2018-06-12T09:18:13+00:00\",\"description\":\"depannage assemblage formation maintenance informatique montoir de bretagne 44 44550 loire atlantique disque dur carte mere pc mac windows os antivirus\",\"breadcrumb\":{\"@id\":\"https:\/\/www.fxli.fr\/index.php\/assemblage\/#breadcrumb\"},\"inLanguage\":\"fr-FR\",\"potentialAction\":[{\"@type\":\"ReadAction\",\"target\":[\"https:\/\/www.fxli.fr\/index.php\/assemblage\/\"]}]},{\"@type\":\"ImageObject\",\"inLanguage\":\"fr-FR\",\"@id\":\"https:\/\/www.fxli.fr\/index.php\/assemblage\/#primaryimage\",\"url\":\"http:\/\/fxli.fr\/wp-content\/uploads\/2016\/01\/repair_pc1-300x259.png\",\"contentUrl\":\"http:\/\/fxli.fr\/wp-content\/uploads\/2016\/01\/repair_pc1-300x259.png\"},{\"@type\":\"BreadcrumbList\",\"@id\":\"https:\/\/www.fxli.fr\/index.php\/assemblage\/#breadcrumb\",\"itemListElement\":[{\"@type\":\"ListItem\",\"position\":1,\"name\":\"Accueil\",\"item\":\"https:\/\/www.fxli.fr\/\"},{\"@type\":\"ListItem\",\"position\":2,\"name\":\"Assemblages PC\"}]},{\"@type\":\"WebSite\",\"@id\":\"https:\/\/www.fxli.fr\/#website\",\"url\":\"https:\/\/www.fxli.fr\/\",\"name\":\"FXLI\",\"description\":\"Conseils Informatiques\",\"potentialAction\":[{\"@type\":\"SearchAction\",\"target\":{\"@type\":\"EntryPoint\",\"urlTemplate\":\"https:\/\/www.fxli.fr\/?s={search_term_string}\"},\"query-input\":{\"@type\":\"PropertyValueSpecification\",\"valueRequired\":true,\"valueName\":\"search_term_string\"}}],\"inLanguage\":\"fr-FR\"}]}<\/script>\n<!-- \/ Yoast SEO plugin. -->","yoast_head_json":{"title":"fxli conseil informatique assemblage","description":"depannage assemblage formation maintenance informatique montoir de bretagne 44 44550 loire atlantique disque dur carte mere pc mac windows os antivirus","robots":{"index":"index","follow":"follow","max-snippet":"max-snippet:-1","max-image-preview":"max-image-preview:large","max-video-preview":"max-video-preview:-1"},"canonical":"https:\/\/www.fxli.fr\/index.php\/assemblage\/","og_locale":"fr_FR","og_type":"article","og_title":"fxli conseil informatique assemblage","og_description":"depannage assemblage formation maintenance informatique montoir de bretagne 44 44550 loire atlantique disque dur carte mere pc mac windows os antivirus","og_url":"https:\/\/www.fxli.fr\/index.php\/assemblage\/","og_site_name":"FXLI","article_publisher":"https:\/\/www.facebook.com\/fxlici\/","article_modified_time":"2018-06-12T09:18:13+00:00","og_image":[{"url":"http:\/\/fxli.fr\/wp-content\/uploads\/2016\/01\/repair_pc1-300x259.png"}],"twitter_card":"summary_large_image","twitter_site":"@fxli","twitter_misc":{"Dur\u00e9e de lecture estim\u00e9e":"1 minute"},"schema":{"@context":"https:\/\/schema.org","@graph":[{"@type":"WebPage","@id":"https:\/\/www.fxli.fr\/index.php\/assemblage\/","url":"https:\/\/www.fxli.fr\/index.php\/assemblage\/","name":"fxli conseil informatique assemblage","isPartOf":{"@id":"https:\/\/www.fxli.fr\/#website"},"primaryImageOfPage":{"@id":"https:\/\/www.fxli.fr\/index.php\/assemblage\/#primaryimage"},"image":{"@id":"https:\/\/www.fxli.fr\/index.php\/assemblage\/#primaryimage"},"thumbnailUrl":"http:\/\/fxli.fr\/wp-content\/uploads\/2016\/01\/repair_pc1-300x259.png","datePublished":"2016-01-12T18:06:34+00:00","dateModified":"2018-06-12T09:18:13+00:00","description":"depannage assemblage formation maintenance informatique montoir de bretagne 44 44550 loire atlantique disque dur carte mere pc mac windows os antivirus","breadcrumb":{"@id":"https:\/\/www.fxli.fr\/index.php\/assemblage\/#breadcrumb"},"inLanguage":"fr-FR","potentialAction":[{"@type":"ReadAction","target":["https:\/\/www.fxli.fr\/index.php\/assemblage\/"]}]},{"@type":"ImageObject","inLanguage":"fr-FR","@id":"https:\/\/www.fxli.fr\/index.php\/assemblage\/#primaryimage","url":"http:\/\/fxli.fr\/wp-content\/uploads\/2016\/01\/repair_pc1-300x259.png","contentUrl":"http:\/\/fxli.fr\/wp-content\/uploads\/2016\/01\/repair_pc1-300x259.png"},{"@type":"BreadcrumbList","@id":"https:\/\/www.fxli.fr\/index.php\/assemblage\/#breadcrumb","itemListElement":[{"@type":"ListItem","position":1,"name":"Accueil","item":"https:\/\/www.fxli.fr\/"},{"@type":"ListItem","position":2,"name":"Assemblages PC"}]},{"@type":"WebSite","@id":"https:\/\/www.fxli.fr\/#website","url":"https:\/\/www.fxli.fr\/","name":"FXLI","description":"Conseils Informatiques","potentialAction":[{"@type":"SearchAction","target":{"@type":"EntryPoint","urlTemplate":"https:\/\/www.fxli.fr\/?s={search_term_string}"},"query-input":{"@type":"PropertyValueSpecification","valueRequired":true,"valueName":"search_term_string"}}],"inLanguage":"fr-FR"}]}},"_links":{"self":[{"href":"https:\/\/www.fxli.fr\/index.php\/wp-json\/wp\/v2\/pages\/39"}],"collection":[{"href":"https:\/\/www.fxli.fr\/index.php\/wp-json\/wp\/v2\/pages"}],"about":[{"href":"https:\/\/www.fxli.fr\/index.php\/wp-json\/wp\/v2\/types\/page"}],"author":[{"embeddable":true,"href":"https:\/\/www.fxli.fr\/index.php\/wp-json\/wp\/v2\/users\/1"}],"replies":[{"embeddable":true,"href":"https:\/\/www.fxli.fr\/index.php\/wp-json\/wp\/v2\/comments?post=39"}],"version-history":[{"count":7,"href":"https:\/\/www.fxli.fr\/index.php\/wp-json\/wp\/v2\/pages\/39\/revisions"}],"predecessor-version":[{"id":753,"href":"https:\/\/www.fxli.fr\/index.php\/wp-json\/wp\/v2\/pages\/39\/revisions\/753"}],"wp:attachment":[{"href":"https:\/\/www.fxli.fr\/index.php\/wp-json\/wp\/v2\/media?parent=39"}],"curies":[{"name":"wp","href":"https:\/\/api.w.org\/{rel}","templated":true}]}}